{"id":1940,"date":"2017-12-01T14:27:52","date_gmt":"2017-12-01T13:27:52","guid":{"rendered":"https:\/\/www.eurofirany.com.pl\/blog\/?page_id=1940"},"modified":"2023-02-08T19:14:12","modified_gmt":"2023-02-08T18:14:12","slug":"o-blogu","status":"publish","type":"page","link":"https:\/\/www.eurofirany.com.pl\/blog\/o-blogu","title":{"rendered":"O blogu"},"content":{"rendered":"<p><span style=\"font-size: 14pt;\"><strong>Witaj na naszym blogu!<\/strong><\/span><\/p>\n<p style=\"text-align: justify;\">Blog o wystroju wn\u0119trz marki EUROFIRANY to kopalnia inspiracji stworzona specjalnie dla Ciebie! Poznaj osoby, kt\u00f3re dla Was tworz\u0105 pomys\u0142y na unikalne wn\u0119trza i pisz\u0105 na naszym blogu. \u015aled\u017a nas na bie\u017c\u0105co i zapisz si\u0119 do naszego newslettera.<\/p>\n<p>&nbsp;<\/p>\n<h4><span style=\"font-size: 14pt;\"><strong>Joanna Dziedzic-Czulak<\/strong><\/span><\/h4>\n<p><em><strong>Dekoratorka<\/strong><\/em><\/p>\n<p style=\"text-align: justify;\"><img loading=\"lazy\" decoding=\"async\" class=\"alignleft wp-image-2411\" src=\"https:\/\/www.eurofirany.com.pl\/blog\/wp-content\/uploads\/2018\/01\/Joanna-Dziedzic-Czulak.png\" alt=\"\" width=\"142\" height=\"142\" \/>Wielbicielka dobrego stylu, dekoratorka wn\u0119trz z 10-letnim do\u015bwiadczeniem. Robi to co lubi czyli tworzy pi\u0119kne wn\u0119trza dom\u00f3w. Oryginalne pomys\u0142y najpierw sprawdza w swoich ukochanych czterech k\u0105tach, a dopiero potem przygotowuje rozwi\u0105zania dla naszej firmy i Klient\u00f3w. Tworzy z pasj\u0105. Inspiracje czerpie zar\u00f3wno z lokalnych, jak i \u015bwiatowych trend\u00f3w. Pomagaj\u0105 jej w tym cz\u0119ste podr\u00f3\u017ce, podczas kt\u00f3rych ch\u0119tnie odwiedza sklepiki i salony wn\u0119trzarskie. Na co dzie\u0144 jest \u017con\u0105 kochanego m\u0119\u017ca, mam\u0105 Jowity oraz w\u0142a\u015bcicielsk\u0105 dw\u00f3ch cudownych ps\u00f3w.<\/p>\n<h4 style=\"text-align: justify;\"><strong>Na naszym blogu prowadzi k\u0105cik Inspiracje i Porady. Je\u015bli chcesz zapyta\u0107 naszego eksperta o rad\u0119, napisz wiadomo\u015b\u0107 na adres joanna.porady@eurofirany.com.pl<\/strong><\/h4>\n<p>&nbsp;<\/p>\n<p><span style=\"font-size: 14pt;\"><strong>Jowita \u0141abys<\/strong><\/span><\/p>\n<p><em><strong>Dekoratorka<\/strong><\/em><\/p>\n<p style=\"text-align: justify;\"><img loading=\"lazy\" decoding=\"async\" class=\"wp-image-2413 alignleft\" src=\"https:\/\/www.eurofirany.com.pl\/blog\/wp-content\/uploads\/2018\/01\/Jowita-\u0141abys.png\" alt=\"\" width=\"142\" height=\"142\" \/>Wszystko zacz\u0119\u0142o si\u0119 niewinnie. Pierwszym projektem Jowity by\u0142o jej w\u0142asne mieszkanie. Od tego momentu pokocha\u0142a stylizacj\u0119 wn\u0119trz. I tak ju\u017c jest \u2026. od czternastu lat! Ta praca jest jednocze\u015bnie jej najwi\u0119ksz\u0105 pasj\u0105. Czego potwierdzeniem jest kilkaset zadowolonych klient\u00f3w. Zami\u0142owanie do niepowtarzalnych pomys\u0142\u00f3w \u0142\u0105czy z pasj\u0105 do wzornictwa. W jej torebce mo\u017cna odnale\u017a\u0107 nie tylko szmink\u0119 czy perfumy, ale tak\u017ce centymetr, pr\u00f3bki tkanin i kolor\u00f3w oraz\u2026 krawieckie no\u017cyczki. Czas wolny sp\u0119dza na spacerach z psem, ogl\u0105daj\u0105c dobry film lub po prostu w gronie przyjaci\u00f3\u0142.<\/p>\n<h4 style=\"text-align: justify;\"><strong>Na naszym blogu prowadzi k\u0105cik: Wn\u0119trzarskie Style i Trendy. Je\u015bli chcesz zapyta\u0107 naszego eksperta o rad\u0119, wy\u015blij wiadomo\u015b\u0107 na adres: jowita.trendy@eurofirany.com.pl<\/strong><\/h4>\n<p>&nbsp;<\/p>\n<p><strong><span style=\"font-size: 14pt;\">Izabela Konior<\/span><\/strong><\/p>\n<p><em><strong>DIY<\/strong><\/em><\/p>\n<p style=\"text-align: justify;\"><img loading=\"lazy\" decoding=\"async\" class=\"alignleft wp-image-3582\" src=\"https:\/\/www.eurofirany.com.pl\/blog\/wp-content\/uploads\/2018\/04\/Izabela-Konior-zdj\u0119cie-w-kole.jpg\" alt=\"\" width=\"143\" height=\"215\" \/>Firanka, kwiatek, m\u0142otek, sznurek czy kawa\u0142ek tkaniny w jej r\u0119kach nabieraj\u0105 nowego znaczenia. Z niczego potrafi wyczarowa\u0107\u2026zawsze wielkie CO\u015a! Do tworzenia potrzebuje wyobra\u017ani, natchnienia i\u2026 przedmiot\u00f3w, kt\u00f3re akurat s\u0105 w zasi\u0119gu jej r\u0119ki. Nie ma znaczenia jakie produkty wykorzysta, na koniec i tak dostajemy zaskakuj\u0105cy i inspiruj\u0105cy pomys\u0142. Jej najwi\u0119kszymi fanami i pomocnikami s\u0105 dzieci: Julka i Kacper.<\/p>\n<p style=\"text-align: justify;\">Czas wolny sp\u0119dza z najbli\u017cszym, uwielbia teatr, wieczorne spacery i jazd\u0119 na rowerze. Prywatnie szcz\u0119\u015bliwa \u017cona i mama dw\u00f3jki nastolatk\u00f3w. Czasami jej si\u0119 jednak wydaje, \u017ce najwi\u0119cej do powiedzenia ma ich cudowny pies BOY.<\/p>\n<h4 style=\"text-align: justify;\"><strong>Na naszym blogu b\u0119dzie dzieli\u0107 si\u0119 z czytelnikami swoimi pomys\u0142ami i propozycjami dekoracyjnymi z kategorii DIY. Izabela zaprasza Wszystkich do tw\u00f3rczej pracy i zmiany. Je\u015bli chcesz zapyta\u0107 naszego eksperta o rade, wy\u015blij wiadomo\u015b\u0107 na adres: Izabela_DIY@eurofirany.com.pl<\/strong><\/h4>\n<h4><strong>\u00a0<\/strong><\/h4>\n<h4><span style=\"font-size: 14pt;\"><strong>\u0141ukasz Ha\u0144derek<\/strong><\/span><\/h4>\n<p><strong>Okiem eksperta<\/strong><\/p>\n<p style=\"text-align: justify;\"><img loading=\"lazy\" decoding=\"async\" class=\"alignleft wp-image-14020\" src=\"https:\/\/www.eurofirany.com.pl\/blog\/wp-content\/uploads\/2022\/12\/MicrosoftTeams-image-2.jpg\" alt=\"\" width=\"143\" height=\"143\" \/><\/p>\n<p>Nasza z\u0142ota r\u0105czka! O wierceniu, montowaniu i instalowaniu karniszy wie wszystko. Z firm\u0105 Eurofirany zwi\u0105zany od 12 lat. Dla niego nie ma rzeczy niemo\u017cliwych. Doradza r<span style=\"font-family: Calibri;\">\u00f3wnie\u017c<\/span>\u00a0przy projektowaniu karniszy i os\u0142on okiennych.<\/p>\n<p>Prywatnie szcz\u0119\u015bliwy m\u0105\u017c i ojciec Stanis\u0142awa i Anielki. W wolnych chwilach po\u015bwi\u0119ca si\u0119 swojej pasji jak\u0105 jest sport. \u0141ukasz jest trenerem oraz uprawia kulturystyk\u0119 z sukcesami: zosta\u0142 wicemistrzem w Kulturystyce Klasycznej.<\/p>\n<h4 style=\"text-align: justify;\"><strong>Na naszym blogu prowadzi k\u0105cik Okiem Eksperta<\/strong><\/h4>\n<p>&nbsp;<\/p>\n<p>&nbsp;<\/p>\n<p>&nbsp;<\/p>\n<p style=\"text-align: justify;\"><a href=\"https:\/\/www.eurofirany.com.pl\/\"><strong>EUROFIRANY<\/strong><\/a><\/p>\n<p style=\"text-align: justify;\"><img loading=\"lazy\" decoding=\"async\" class=\"alignleft wp-image-462\" src=\"https:\/\/www.eurofirany.com.pl\/blog\/wp-content\/uploads\/2017\/07\/logo.png\" alt=\"\" width=\"142\" height=\"67\" \/><\/p>\n<p style=\"text-align: justify;\">Jeste\u015bmy rodzinn\u0105 polsk\u0105 firm\u0105 obecn\u0105 na polskim rynku od 1991. Siln\u0105 pozycj\u0119 w bran\u017cy wn\u0119trzarskiej zapewni\u0142a marce dba\u0142o\u015b\u0107 w\u0142a\u015bcicieli o niespotykan\u0105 oryginalno\u015b\u0107 i najwy\u017csz\u0105 jako\u015b\u0107. Od pocz\u0105tku g\u0142\u00f3wn\u0105 inspiracj\u0105 dla nowych kolekcji jest udzia\u0142 w najwa\u017cniejszych mi\u0119dzynarodowych targach wn\u0119trzarskich, a tak\u017ce bliska wsp\u00f3\u0142praca z ikonami stylu i znanymi projektantami na ca\u0142ym \u015bwiecie, jak\u00a0<a href=\"https:\/\/www.eurofirany.com.pl\/oferta\/italissima-home-by-eva-minge-91\"><strong>Eva Minge<\/strong><\/a>\u00a0czy\u00a0<a href=\"https:\/\/www.eurofirany.com.pl\/sklep-online\/pierre-cardin-479\"><strong>Pierre Cardin<\/strong><\/a>. Oferujemy nie tylko pi\u0119kne tkaniny (ponad 5\u00a0000 wzor\u00f3w), ale r\u00f3wnie\u017c i produkty gotowe, takie jak: <a href=\"https:\/\/www.eurofirany.com.pl\/sklep-online\/firany-gotowe-251\">firany<\/a>, <a href=\"https:\/\/www.eurofirany.com.pl\/sklep-online\/zaslony-gotowe-252\">zas\u0142ony<\/a>, <a href=\"https:\/\/www.eurofirany.com.pl\/sklep-online\/rolety-997\">rolety<\/a>, <a href=\"https:\/\/www.eurofirany.com.pl\/sklep-online\/obrazy-256\">obrazy<\/a>, <a href=\"https:\/\/www.eurofirany.com.pl\/sklep-online\/komplety-poscieli-258\">po\u015bciele<\/a> czy <a href=\"https:\/\/www.eurofirany.com.pl\/sklep-online\/poszewki-260\">ozdobne poszewki<\/a>. Dost\u0119pny asortyment pozwala na przeprowadzenie udanej metamorfozy ka\u017cdego wn\u0119trza. Od lat tworzymy dla Ciebie i Twojego wn\u0119trza. Wi\u0119cej o nas przeczytasz tutaj:\u00a0<a href=\"https:\/\/www.eurofirany.com.pl\/blog\/eurofirany\"><strong>Eurofirany. Od ma\u0142ego, rodzinnego biznesu do lidera na rynku tekstyli\u00f3w \u2013 firma \u015bwi\u0119tuje 27 lat dzia\u0142alno\u015bci.<\/strong><\/a><\/p>\n<p>&nbsp;<\/p>\n<p style=\"text-align: justify;\"><span style=\"font-size: 14pt;\"><strong>Co znajdziesz na blogu?<\/strong><\/span><\/p>\n<p style=\"text-align: justify;\">W kategorii <a href=\"https:\/\/www.eurofirany.com.pl\/blog\/porady\"><strong>PORADY<\/strong><\/a> podpowiadamy m.in. jak stworzy\u0107 romantyczny klimat w sypialni, dobra\u0107 zas\u0142ony do rustykalnej kuchni czy jak zachowa\u0107 idealnie bia\u0142e firany.<\/p>\n<p style=\"text-align: justify;\">W po\u015bwi\u0119conym projektowaniu wn\u0119trz cyklu <a href=\"https:\/\/www.eurofirany.com.pl\/oferta\"><strong>INSPIRACJE<\/strong><\/a> znajdziesz oryginalne pomys\u0142y na urz\u0105dzenie mieszkania. Poznaj style wn\u0119trzarskie i aktualne trendy w designie.<\/p>\n<p style=\"text-align: justify;\">Nasz blog o aran\u017cacjach to przestrze\u0144, kt\u00f3r\u0105 wsp\u00f3\u0142tworzymy z czytelnikami! Cykl <a href=\"https:\/\/www.eurofirany.com.pl\/blog\/twoje-firany\"><strong>TWOJE FIRANY<\/strong><\/a> to miejsce, gdzie mo\u017cesz pokaza\u0107 swoje pomys\u0142y innym i zapyta\u0107 o opini\u0119 eksperta.<\/p>\n<p style=\"text-align: justify;\">W cyklu <a href=\"https:\/\/www.eurofirany.com.pl\/blog\/dekorator-poleca\"><strong>DEKORATOR POLECA<\/strong><\/a>, znajdziesz gotowe aran\u017cacje przygotowane przez naszych dekorator\u00f3w. Aran\u017cacje odzwierciedlaj\u0105 one r\u00f3\u017cne style i pasuj\u0105 do r\u00f3\u017cnych typ\u00f3w osobowo\u015bci. Stawiamy na r\u00f3\u017cnorodno\u015b\u0107 i nowoczesno\u015b\u0107. Metamorfoza wn\u0119trza jest \u0142atwiejsza ni\u017c my\u015blisz. Skusisz si\u0119?<\/p>\n<p>&nbsp;<\/p>\n<p style=\"text-align: justify;\"><em>W sprawach wsp\u00f3\u0142pracy lub administracyjnych, prosimy o kontakt na adres mailowy: blog@eurofirany.com.pl<br \/>\n<\/em><\/p>\n<p>&nbsp;<\/p>\n<p>&nbsp;<\/p>\n<p>&nbsp;<\/p>\n<p>&nbsp;<\/p>\n<p>&nbsp;<\/p>\n<p>&nbsp;<\/p>\n<p>&nbsp;<\/p>\n<p>&nbsp;<\/p>\n","protected":false},"excerpt":{"rendered":"<p>Witaj na naszym blogu! Blog o wystroju wn\u0119trz marki EUROFIRANY to kopalnia inspiracji stworzona specjalnie dla Ciebie! Poznaj osoby, kt\u00f3re dla Was tworz\u0105 pomys\u0142y na unikalne wn\u0119trza i pisz\u0105 na naszym blogu. \u015aled\u017a nas na bie\u017c\u0105co i zapisz si\u0119 do [&hellip;]<\/p>\n","protected":false},"author":2,"featured_media":0,"parent":0,"menu_order":0,"comment_status":"closed","ping_status":"closed","template":"","meta":{"footnotes":""},"class_list":["post-1940","page","type-page","status-publish","hentry"],"yoast_head":"<!-- This site is optimized with the Yoast SEO plugin v27.5 - https:\/\/yoast.com\/product\/yoast-seo-wordpress\/ -->\n<title>O blogu - E-blog by Eurofirany<\/title>\n<meta name=\"robots\" content=\"index, follow, max-snippet:-1, max-image-preview:large, max-video-preview:-1\" \/>\n<link rel=\"canonical\" href=\"https:\/\/www.eurofirany.com.pl\/blog\/o-blogu\" \/>\n<meta property=\"og:locale\" content=\"pl_PL\" \/>\n<meta property=\"og:type\" content=\"article\" \/>\n<meta property=\"og:title\" content=\"O blogu - E-blog by Eurofirany\" \/>\n<meta property=\"og:description\" content=\"Witaj na naszym blogu! Blog o wystroju wn\u0119trz marki EUROFIRANY to kopalnia inspiracji stworzona specjalnie dla Ciebie! Poznaj osoby, kt\u00f3re dla Was tworz\u0105 pomys\u0142y na unikalne wn\u0119trza i pisz\u0105 na naszym blogu. \u015aled\u017a nas na bie\u017c\u0105co i zapisz si\u0119 do [&hellip;]\" \/>\n<meta property=\"og:url\" content=\"https:\/\/www.eurofirany.com.pl\/blog\/o-blogu\" \/>\n<meta property=\"og:site_name\" content=\"E-blog by Eurofirany\" \/>\n<meta property=\"article:modified_time\" content=\"2023-02-08T18:14:12+00:00\" \/>\n<meta property=\"og:image\" content=\"https:\/\/www.eurofirany.com.pl\/blog\/wp-content\/uploads\/2018\/01\/Joanna-Dziedzic-Czulak.png\" \/>\n\t<meta property=\"og:image:width\" content=\"484\" \/>\n\t<meta property=\"og:image:height\" content=\"484\" \/>\n\t<meta property=\"og:image:type\" content=\"image\/png\" \/>\n<meta name=\"twitter:card\" content=\"summary_large_image\" \/>\n<meta name=\"twitter:label1\" content=\"Szacowany czas czytania\" \/>\n\t<meta name=\"twitter:data1\" content=\"4 minuty\" \/>\n<script type=\"application\/ld+json\" class=\"yoast-schema-graph\">{\"@context\":\"https:\\\/\\\/schema.org\",\"@graph\":[{\"@type\":\"WebPage\",\"@id\":\"https:\\\/\\\/www.eurofirany.com.pl\\\/blog\\\/o-blogu\",\"url\":\"https:\\\/\\\/www.eurofirany.com.pl\\\/blog\\\/o-blogu\",\"name\":\"O blogu - E-blog by Eurofirany\",\"isPartOf\":{\"@id\":\"https:\\\/\\\/www.eurofirany.com.pl\\\/blog\\\/#website\"},\"primaryImageOfPage\":{\"@id\":\"https:\\\/\\\/www.eurofirany.com.pl\\\/blog\\\/o-blogu#primaryimage\"},\"image\":{\"@id\":\"https:\\\/\\\/www.eurofirany.com.pl\\\/blog\\\/o-blogu#primaryimage\"},\"thumbnailUrl\":\"https:\\\/\\\/www.eurofirany.com.pl\\\/blog\\\/wp-content\\\/uploads\\\/2018\\\/01\\\/Joanna-Dziedzic-Czulak.png\",\"datePublished\":\"2017-12-01T13:27:52+00:00\",\"dateModified\":\"2023-02-08T18:14:12+00:00\",\"breadcrumb\":{\"@id\":\"https:\\\/\\\/www.eurofirany.com.pl\\\/blog\\\/o-blogu#breadcrumb\"},\"inLanguage\":\"pl-PL\",\"potentialAction\":[{\"@type\":\"ReadAction\",\"target\":[\"https:\\\/\\\/www.eurofirany.com.pl\\\/blog\\\/o-blogu\"]}]},{\"@type\":\"ImageObject\",\"inLanguage\":\"pl-PL\",\"@id\":\"https:\\\/\\\/www.eurofirany.com.pl\\\/blog\\\/o-blogu#primaryimage\",\"url\":\"https:\\\/\\\/www.eurofirany.com.pl\\\/blog\\\/wp-content\\\/uploads\\\/2018\\\/01\\\/Joanna-Dziedzic-Czulak.png\",\"contentUrl\":\"https:\\\/\\\/www.eurofirany.com.pl\\\/blog\\\/wp-content\\\/uploads\\\/2018\\\/01\\\/Joanna-Dziedzic-Czulak.png\",\"width\":484,\"height\":484,\"caption\":\"Joanna Dziedzic-Czulak\"},{\"@type\":\"BreadcrumbList\",\"@id\":\"https:\\\/\\\/www.eurofirany.com.pl\\\/blog\\\/o-blogu#breadcrumb\",\"itemListElement\":[{\"@type\":\"ListItem\",\"position\":1,\"name\":\"Strona g\u0142\u00f3wna\",\"item\":\"https:\\\/\\\/www.eurofirany.com.pl\\\/blog\"},{\"@type\":\"ListItem\",\"position\":2,\"name\":\"O blogu\"}]},{\"@type\":\"WebSite\",\"@id\":\"https:\\\/\\\/www.eurofirany.com.pl\\\/blog\\\/#website\",\"url\":\"https:\\\/\\\/www.eurofirany.com.pl\\\/blog\\\/\",\"name\":\"E-blog by Eurofirany\",\"description\":\"\",\"publisher\":{\"@id\":\"https:\\\/\\\/www.eurofirany.com.pl\\\/blog\\\/#organization\"},\"potentialAction\":[{\"@type\":\"SearchAction\",\"target\":{\"@type\":\"EntryPoint\",\"urlTemplate\":\"https:\\\/\\\/www.eurofirany.com.pl\\\/blog\\\/?s={search_term_string}\"},\"query-input\":{\"@type\":\"PropertyValueSpecification\",\"valueRequired\":true,\"valueName\":\"search_term_string\"}}],\"inLanguage\":\"pl-PL\"},{\"@type\":\"Organization\",\"@id\":\"https:\\\/\\\/www.eurofirany.com.pl\\\/blog\\\/#organization\",\"name\":\"Eurofirany\",\"url\":\"https:\\\/\\\/www.eurofirany.com.pl\\\/blog\\\/\",\"logo\":{\"@type\":\"ImageObject\",\"inLanguage\":\"pl-PL\",\"@id\":\"https:\\\/\\\/www.eurofirany.com.pl\\\/blog\\\/#\\\/schema\\\/logo\\\/image\\\/\",\"url\":\"https:\\\/\\\/www.eurofirany.com.pl\\\/blog\\\/wp-content\\\/uploads\\\/2017\\\/07\\\/logo.png\",\"contentUrl\":\"https:\\\/\\\/www.eurofirany.com.pl\\\/blog\\\/wp-content\\\/uploads\\\/2017\\\/07\\\/logo.png\",\"width\":428,\"height\":201,\"caption\":\"Eurofirany\"},\"image\":{\"@id\":\"https:\\\/\\\/www.eurofirany.com.pl\\\/blog\\\/#\\\/schema\\\/logo\\\/image\\\/\"}}]}<\/script>\n<!-- \/ Yoast SEO plugin. -->","yoast_head_json":{"title":"O blogu - E-blog by Eurofirany","robots":{"index":"index","follow":"follow","max-snippet":"max-snippet:-1","max-image-preview":"max-image-preview:large","max-video-preview":"max-video-preview:-1"},"canonical":"https:\/\/www.eurofirany.com.pl\/blog\/o-blogu","og_locale":"pl_PL","og_type":"article","og_title":"O blogu - E-blog by Eurofirany","og_description":"Witaj na naszym blogu! Blog o wystroju wn\u0119trz marki EUROFIRANY to kopalnia inspiracji stworzona specjalnie dla Ciebie! Poznaj osoby, kt\u00f3re dla Was tworz\u0105 pomys\u0142y na unikalne wn\u0119trza i pisz\u0105 na naszym blogu. \u015aled\u017a nas na bie\u017c\u0105co i zapisz si\u0119 do [&hellip;]","og_url":"https:\/\/www.eurofirany.com.pl\/blog\/o-blogu","og_site_name":"E-blog by Eurofirany","article_modified_time":"2023-02-08T18:14:12+00:00","og_image":[{"width":484,"height":484,"url":"https:\/\/www.eurofirany.com.pl\/blog\/wp-content\/uploads\/2018\/01\/Joanna-Dziedzic-Czulak.png","type":"image\/png"}],"twitter_card":"summary_large_image","twitter_misc":{"Szacowany czas czytania":"4 minuty"},"schema":{"@context":"https:\/\/schema.org","@graph":[{"@type":"WebPage","@id":"https:\/\/www.eurofirany.com.pl\/blog\/o-blogu","url":"https:\/\/www.eurofirany.com.pl\/blog\/o-blogu","name":"O blogu - E-blog by Eurofirany","isPartOf":{"@id":"https:\/\/www.eurofirany.com.pl\/blog\/#website"},"primaryImageOfPage":{"@id":"https:\/\/www.eurofirany.com.pl\/blog\/o-blogu#primaryimage"},"image":{"@id":"https:\/\/www.eurofirany.com.pl\/blog\/o-blogu#primaryimage"},"thumbnailUrl":"https:\/\/www.eurofirany.com.pl\/blog\/wp-content\/uploads\/2018\/01\/Joanna-Dziedzic-Czulak.png","datePublished":"2017-12-01T13:27:52+00:00","dateModified":"2023-02-08T18:14:12+00:00","breadcrumb":{"@id":"https:\/\/www.eurofirany.com.pl\/blog\/o-blogu#breadcrumb"},"inLanguage":"pl-PL","potentialAction":[{"@type":"ReadAction","target":["https:\/\/www.eurofirany.com.pl\/blog\/o-blogu"]}]},{"@type":"ImageObject","inLanguage":"pl-PL","@id":"https:\/\/www.eurofirany.com.pl\/blog\/o-blogu#primaryimage","url":"https:\/\/www.eurofirany.com.pl\/blog\/wp-content\/uploads\/2018\/01\/Joanna-Dziedzic-Czulak.png","contentUrl":"https:\/\/www.eurofirany.com.pl\/blog\/wp-content\/uploads\/2018\/01\/Joanna-Dziedzic-Czulak.png","width":484,"height":484,"caption":"Joanna Dziedzic-Czulak"},{"@type":"BreadcrumbList","@id":"https:\/\/www.eurofirany.com.pl\/blog\/o-blogu#breadcrumb","itemListElement":[{"@type":"ListItem","position":1,"name":"Strona g\u0142\u00f3wna","item":"https:\/\/www.eurofirany.com.pl\/blog"},{"@type":"ListItem","position":2,"name":"O blogu"}]},{"@type":"WebSite","@id":"https:\/\/www.eurofirany.com.pl\/blog\/#website","url":"https:\/\/www.eurofirany.com.pl\/blog\/","name":"E-blog by Eurofirany","description":"","publisher":{"@id":"https:\/\/www.eurofirany.com.pl\/blog\/#organization"},"potentialAction":[{"@type":"SearchAction","target":{"@type":"EntryPoint","urlTemplate":"https:\/\/www.eurofirany.com.pl\/blog\/?s={search_term_string}"},"query-input":{"@type":"PropertyValueSpecification","valueRequired":true,"valueName":"search_term_string"}}],"inLanguage":"pl-PL"},{"@type":"Organization","@id":"https:\/\/www.eurofirany.com.pl\/blog\/#organization","name":"Eurofirany","url":"https:\/\/www.eurofirany.com.pl\/blog\/","logo":{"@type":"ImageObject","inLanguage":"pl-PL","@id":"https:\/\/www.eurofirany.com.pl\/blog\/#\/schema\/logo\/image\/","url":"https:\/\/www.eurofirany.com.pl\/blog\/wp-content\/uploads\/2017\/07\/logo.png","contentUrl":"https:\/\/www.eurofirany.com.pl\/blog\/wp-content\/uploads\/2017\/07\/logo.png","width":428,"height":201,"caption":"Eurofirany"},"image":{"@id":"https:\/\/www.eurofirany.com.pl\/blog\/#\/schema\/logo\/image\/"}}]}},"_links":{"self":[{"href":"https:\/\/www.eurofirany.com.pl\/blog\/wp-json\/wp\/v2\/pages\/1940","targetHints":{"allow":["GET"]}}],"collection":[{"href":"https:\/\/www.eurofirany.com.pl\/blog\/wp-json\/wp\/v2\/pages"}],"about":[{"href":"https:\/\/www.eurofirany.com.pl\/blog\/wp-json\/wp\/v2\/types\/page"}],"author":[{"embeddable":true,"href":"https:\/\/www.eurofirany.com.pl\/blog\/wp-json\/wp\/v2\/users\/2"}],"replies":[{"embeddable":true,"href":"https:\/\/www.eurofirany.com.pl\/blog\/wp-json\/wp\/v2\/comments?post=1940"}],"version-history":[{"count":53,"href":"https:\/\/www.eurofirany.com.pl\/blog\/wp-json\/wp\/v2\/pages\/1940\/revisions"}],"predecessor-version":[{"id":14221,"href":"https:\/\/www.eurofirany.com.pl\/blog\/wp-json\/wp\/v2\/pages\/1940\/revisions\/14221"}],"wp:attachment":[{"href":"https:\/\/www.eurofirany.com.pl\/blog\/wp-json\/wp\/v2\/media?parent=1940"}],"curies":[{"name":"wp","href":"https:\/\/api.w.org\/{rel}","templated":true}]}}