{"id":3358,"date":"2018-03-29T14:19:44","date_gmt":"2018-03-29T12:19:44","guid":{"rendered":"https:\/\/www.eurofirany.com.pl\/blog\/?page_id=3358"},"modified":"2018-06-08T16:34:32","modified_gmt":"2018-06-08T14:34:32","slug":"videoporadniki","status":"publish","type":"page","link":"https:\/\/www.eurofirany.com.pl\/blog\/videoporadniki","title":{"rendered":"Videoporadniki"},"content":{"rendered":"<h2>Jak przeprowadzi\u0107 metamorfoz\u0119 swojego tarasu?<\/h2>\n<div class=\"su-youtube su-u-responsive-media-yes\"><iframe loading=\"lazy\" width=\"600\" height=\"400\" src=\"https:\/\/www.youtube.com\/embed\/Qs7gEOGCuc4?\" frameborder=\"0\" allowfullscreen allow=\"autoplay; encrypted-media; picture-in-picture\" title=\"\"><\/iframe><\/div>\n<p>&nbsp;<\/p>\n<h2>Jak wsp\u00f3\u0142pracowa\u0107 z dekoratorem wn\u0119trz?<\/h2>\n<div class=\"su-youtube su-u-responsive-media-yes\"><iframe loading=\"lazy\" width=\"600\" height=\"400\" src=\"https:\/\/www.youtube.com\/embed\/Uaf_uCeZ_GM?\" frameborder=\"0\" allowfullscreen allow=\"autoplay; encrypted-media; picture-in-picture\" title=\"\"><\/iframe><\/div>\n<p>&nbsp;<\/p>\n<h2>Jak udekorowa\u0107 Wielkanocny st\u00f3\u0142?<\/h2>\n<div class=\"su-youtube su-u-responsive-media-yes\"><iframe loading=\"lazy\" width=\"600\" height=\"400\" src=\"https:\/\/www.youtube.com\/embed\/ooyI0ACCmgE?\" frameborder=\"0\" allowfullscreen allow=\"autoplay; encrypted-media; picture-in-picture\" title=\"\"><\/iframe><\/div>\n<p>&nbsp;<\/p>\n<h2>Jak wykorzysta\u0107 nieu\u017cywane firany i zas\u0142ony i uszy\u0107 swoj\u0105 eko torb\u0119?<\/h2>\n<div class=\"su-youtube su-u-responsive-media-yes\"><iframe loading=\"lazy\" width=\"600\" height=\"400\" src=\"https:\/\/www.youtube.com\/embed\/AE0WJuGeZRk?\" frameborder=\"0\" allowfullscreen allow=\"autoplay; encrypted-media; picture-in-picture\" title=\"\"><\/iframe><\/div>\n<p>&nbsp;<\/p>\n<h2>Jak przygotowa\u0107 stroik na \u015bwi\u0105teczny st\u00f3\u0142?<\/h2>\n<div class=\"su-youtube su-u-responsive-media-yes\"><iframe loading=\"lazy\" width=\"600\" height=\"400\" src=\"https:\/\/www.youtube.com\/embed\/X5PRgjOIZfk?\" frameborder=\"0\" allowfullscreen allow=\"autoplay; encrypted-media; picture-in-picture\" title=\"\"><\/iframe><\/div>\n<p>&nbsp;<\/p>\n<h2>Jak zapakowa\u0107 prezent w stylu glamour?<\/h2>\n<div class=\"su-youtube su-u-responsive-media-yes\"><iframe loading=\"lazy\" width=\"600\" height=\"400\" src=\"https:\/\/www.youtube.com\/embed\/Tu3OE2rIkoM?\" frameborder=\"0\" allowfullscreen allow=\"autoplay; encrypted-media; picture-in-picture\" title=\"\"><\/iframe><\/div>\n<p>&nbsp;<\/p>\n<h2>Jak zapakowa\u0107 prezent w stylu eko?<\/h2>\n<div class=\"su-youtube su-u-responsive-media-yes\"><iframe loading=\"lazy\" width=\"600\" height=\"400\" src=\"https:\/\/www.youtube.com\/embed\/ogzRLaytRS8?\" frameborder=\"0\" allowfullscreen allow=\"autoplay; encrypted-media; picture-in-picture\" title=\"\"><\/iframe><\/div>\n","protected":false},"excerpt":{"rendered":"<p>Jak przeprowadzi\u0107 metamorfoz\u0119 swojego tarasu? &nbsp; Jak wsp\u00f3\u0142pracowa\u0107 z dekoratorem wn\u0119trz? &nbsp; Jak udekorowa\u0107 Wielkanocny st\u00f3\u0142? &nbsp; Jak wykorzysta\u0107 nieu\u017cywane firany i zas\u0142ony i uszy\u0107 swoj\u0105 eko torb\u0119? &nbsp; Jak przygotowa\u0107 stroik na \u015bwi\u0105teczny st\u00f3\u0142? &nbsp; Jak zapakowa\u0107 prezent w [&hellip;]<\/p>\n","protected":false},"author":2,"featured_media":0,"parent":0,"menu_order":0,"comment_status":"closed","ping_status":"closed","template":"","meta":{"footnotes":""},"class_list":["post-3358","page","type-page","status-publish","hentry"],"yoast_head":"<!-- This site is optimized with the Yoast SEO plugin v27.5 - https:\/\/yoast.com\/product\/yoast-seo-wordpress\/ -->\n<title>Videoporadniki - E-blog by Eurofirany<\/title>\n<meta name=\"robots\" content=\"index, follow, max-snippet:-1, max-image-preview:large, max-video-preview:-1\" \/>\n<link rel=\"canonical\" href=\"https:\/\/www.eurofirany.com.pl\/blog\/videoporadniki\" \/>\n<meta property=\"og:locale\" content=\"pl_PL\" \/>\n<meta property=\"og:type\" content=\"article\" \/>\n<meta property=\"og:title\" content=\"Videoporadniki - E-blog by Eurofirany\" \/>\n<meta property=\"og:description\" content=\"Jak przeprowadzi\u0107 metamorfoz\u0119 swojego tarasu? &nbsp; Jak wsp\u00f3\u0142pracowa\u0107 z dekoratorem wn\u0119trz? &nbsp; Jak udekorowa\u0107 Wielkanocny st\u00f3\u0142? &nbsp; Jak wykorzysta\u0107 nieu\u017cywane firany i zas\u0142ony i uszy\u0107 swoj\u0105 eko torb\u0119? &nbsp; Jak przygotowa\u0107 stroik na \u015bwi\u0105teczny st\u00f3\u0142? &nbsp; Jak zapakowa\u0107 prezent w [&hellip;]\" \/>\n<meta property=\"og:url\" content=\"https:\/\/www.eurofirany.com.pl\/blog\/videoporadniki\" \/>\n<meta property=\"og:site_name\" content=\"E-blog by Eurofirany\" \/>\n<meta property=\"article:modified_time\" content=\"2018-06-08T14:34:32+00:00\" \/>\n<meta name=\"twitter:card\" content=\"summary_large_image\" \/>\n<meta name=\"twitter:label1\" content=\"Szacowany czas czytania\" \/>\n\t<meta name=\"twitter:data1\" content=\"1 minuta\" \/>\n<script type=\"application\/ld+json\" class=\"yoast-schema-graph\">{\"@context\":\"https:\\\/\\\/schema.org\",\"@graph\":[{\"@type\":\"WebPage\",\"@id\":\"https:\\\/\\\/www.eurofirany.com.pl\\\/blog\\\/videoporadniki\",\"url\":\"https:\\\/\\\/www.eurofirany.com.pl\\\/blog\\\/videoporadniki\",\"name\":\"Videoporadniki - E-blog by Eurofirany\",\"isPartOf\":{\"@id\":\"https:\\\/\\\/www.eurofirany.com.pl\\\/blog\\\/#website\"},\"datePublished\":\"2018-03-29T12:19:44+00:00\",\"dateModified\":\"2018-06-08T14:34:32+00:00\",\"breadcrumb\":{\"@id\":\"https:\\\/\\\/www.eurofirany.com.pl\\\/blog\\\/videoporadniki#breadcrumb\"},\"inLanguage\":\"pl-PL\",\"potentialAction\":[{\"@type\":\"ReadAction\",\"target\":[\"https:\\\/\\\/www.eurofirany.com.pl\\\/blog\\\/videoporadniki\"]}]},{\"@type\":\"BreadcrumbList\",\"@id\":\"https:\\\/\\\/www.eurofirany.com.pl\\\/blog\\\/videoporadniki#breadcrumb\",\"itemListElement\":[{\"@type\":\"ListItem\",\"position\":1,\"name\":\"Strona g\u0142\u00f3wna\",\"item\":\"https:\\\/\\\/www.eurofirany.com.pl\\\/blog\"},{\"@type\":\"ListItem\",\"position\":2,\"name\":\"Videoporadniki\"}]},{\"@type\":\"WebSite\",\"@id\":\"https:\\\/\\\/www.eurofirany.com.pl\\\/blog\\\/#website\",\"url\":\"https:\\\/\\\/www.eurofirany.com.pl\\\/blog\\\/\",\"name\":\"E-blog by Eurofirany\",\"description\":\"\",\"publisher\":{\"@id\":\"https:\\\/\\\/www.eurofirany.com.pl\\\/blog\\\/#organization\"},\"potentialAction\":[{\"@type\":\"SearchAction\",\"target\":{\"@type\":\"EntryPoint\",\"urlTemplate\":\"https:\\\/\\\/www.eurofirany.com.pl\\\/blog\\\/?s={search_term_string}\"},\"query-input\":{\"@type\":\"PropertyValueSpecification\",\"valueRequired\":true,\"valueName\":\"search_term_string\"}}],\"inLanguage\":\"pl-PL\"},{\"@type\":\"Organization\",\"@id\":\"https:\\\/\\\/www.eurofirany.com.pl\\\/blog\\\/#organization\",\"name\":\"Eurofirany\",\"url\":\"https:\\\/\\\/www.eurofirany.com.pl\\\/blog\\\/\",\"logo\":{\"@type\":\"ImageObject\",\"inLanguage\":\"pl-PL\",\"@id\":\"https:\\\/\\\/www.eurofirany.com.pl\\\/blog\\\/#\\\/schema\\\/logo\\\/image\\\/\",\"url\":\"https:\\\/\\\/www.eurofirany.com.pl\\\/blog\\\/wp-content\\\/uploads\\\/2017\\\/07\\\/logo.png\",\"contentUrl\":\"https:\\\/\\\/www.eurofirany.com.pl\\\/blog\\\/wp-content\\\/uploads\\\/2017\\\/07\\\/logo.png\",\"width\":428,\"height\":201,\"caption\":\"Eurofirany\"},\"image\":{\"@id\":\"https:\\\/\\\/www.eurofirany.com.pl\\\/blog\\\/#\\\/schema\\\/logo\\\/image\\\/\"}}]}<\/script>\n<!-- \/ Yoast SEO plugin. -->","yoast_head_json":{"title":"Videoporadniki - E-blog by Eurofirany","robots":{"index":"index","follow":"follow","max-snippet":"max-snippet:-1","max-image-preview":"max-image-preview:large","max-video-preview":"max-video-preview:-1"},"canonical":"https:\/\/www.eurofirany.com.pl\/blog\/videoporadniki","og_locale":"pl_PL","og_type":"article","og_title":"Videoporadniki - E-blog by Eurofirany","og_description":"Jak przeprowadzi\u0107 metamorfoz\u0119 swojego tarasu? &nbsp; Jak wsp\u00f3\u0142pracowa\u0107 z dekoratorem wn\u0119trz? &nbsp; Jak udekorowa\u0107 Wielkanocny st\u00f3\u0142? &nbsp; Jak wykorzysta\u0107 nieu\u017cywane firany i zas\u0142ony i uszy\u0107 swoj\u0105 eko torb\u0119? &nbsp; Jak przygotowa\u0107 stroik na \u015bwi\u0105teczny st\u00f3\u0142? &nbsp; Jak zapakowa\u0107 prezent w [&hellip;]","og_url":"https:\/\/www.eurofirany.com.pl\/blog\/videoporadniki","og_site_name":"E-blog by Eurofirany","article_modified_time":"2018-06-08T14:34:32+00:00","twitter_card":"summary_large_image","twitter_misc":{"Szacowany czas czytania":"1 minuta"},"schema":{"@context":"https:\/\/schema.org","@graph":[{"@type":"WebPage","@id":"https:\/\/www.eurofirany.com.pl\/blog\/videoporadniki","url":"https:\/\/www.eurofirany.com.pl\/blog\/videoporadniki","name":"Videoporadniki - E-blog by Eurofirany","isPartOf":{"@id":"https:\/\/www.eurofirany.com.pl\/blog\/#website"},"datePublished":"2018-03-29T12:19:44+00:00","dateModified":"2018-06-08T14:34:32+00:00","breadcrumb":{"@id":"https:\/\/www.eurofirany.com.pl\/blog\/videoporadniki#breadcrumb"},"inLanguage":"pl-PL","potentialAction":[{"@type":"ReadAction","target":["https:\/\/www.eurofirany.com.pl\/blog\/videoporadniki"]}]},{"@type":"BreadcrumbList","@id":"https:\/\/www.eurofirany.com.pl\/blog\/videoporadniki#breadcrumb","itemListElement":[{"@type":"ListItem","position":1,"name":"Strona g\u0142\u00f3wna","item":"https:\/\/www.eurofirany.com.pl\/blog"},{"@type":"ListItem","position":2,"name":"Videoporadniki"}]},{"@type":"WebSite","@id":"https:\/\/www.eurofirany.com.pl\/blog\/#website","url":"https:\/\/www.eurofirany.com.pl\/blog\/","name":"E-blog by Eurofirany","description":"","publisher":{"@id":"https:\/\/www.eurofirany.com.pl\/blog\/#organization"},"potentialAction":[{"@type":"SearchAction","target":{"@type":"EntryPoint","urlTemplate":"https:\/\/www.eurofirany.com.pl\/blog\/?s={search_term_string}"},"query-input":{"@type":"PropertyValueSpecification","valueRequired":true,"valueName":"search_term_string"}}],"inLanguage":"pl-PL"},{"@type":"Organization","@id":"https:\/\/www.eurofirany.com.pl\/blog\/#organization","name":"Eurofirany","url":"https:\/\/www.eurofirany.com.pl\/blog\/","logo":{"@type":"ImageObject","inLanguage":"pl-PL","@id":"https:\/\/www.eurofirany.com.pl\/blog\/#\/schema\/logo\/image\/","url":"https:\/\/www.eurofirany.com.pl\/blog\/wp-content\/uploads\/2017\/07\/logo.png","contentUrl":"https:\/\/www.eurofirany.com.pl\/blog\/wp-content\/uploads\/2017\/07\/logo.png","width":428,"height":201,"caption":"Eurofirany"},"image":{"@id":"https:\/\/www.eurofirany.com.pl\/blog\/#\/schema\/logo\/image\/"}}]}},"_links":{"self":[{"href":"https:\/\/www.eurofirany.com.pl\/blog\/wp-json\/wp\/v2\/pages\/3358","targetHints":{"allow":["GET"]}}],"collection":[{"href":"https:\/\/www.eurofirany.com.pl\/blog\/wp-json\/wp\/v2\/pages"}],"about":[{"href":"https:\/\/www.eurofirany.com.pl\/blog\/wp-json\/wp\/v2\/types\/page"}],"author":[{"embeddable":true,"href":"https:\/\/www.eurofirany.com.pl\/blog\/wp-json\/wp\/v2\/users\/2"}],"replies":[{"embeddable":true,"href":"https:\/\/www.eurofirany.com.pl\/blog\/wp-json\/wp\/v2\/comments?post=3358"}],"version-history":[{"count":11,"href":"https:\/\/www.eurofirany.com.pl\/blog\/wp-json\/wp\/v2\/pages\/3358\/revisions"}],"predecessor-version":[{"id":3987,"href":"https:\/\/www.eurofirany.com.pl\/blog\/wp-json\/wp\/v2\/pages\/3358\/revisions\/3987"}],"wp:attachment":[{"href":"https:\/\/www.eurofirany.com.pl\/blog\/wp-json\/wp\/v2\/media?parent=3358"}],"curies":[{"name":"wp","href":"https:\/\/api.w.org\/{rel}","templated":true}]}}