{"id":9578,"date":"2020-10-07T12:16:04","date_gmt":"2020-10-07T10:16:04","guid":{"rendered":"https:\/\/www.eurofirany.com.pl\/blog\/?page_id=9578"},"modified":"2020-10-22T13:42:25","modified_gmt":"2020-10-22T11:42:25","slug":"architekci-wspolpraca","status":"publish","type":"page","link":"https:\/\/www.eurofirany.com.pl\/blog\/architekci-wspolpraca","title":{"rendered":"Architekci &#8211; wsp\u00f3\u0142praca"},"content":{"rendered":"<div id=\"pl-9578\"  class=\"panel-layout\" ><div id=\"pg-9578-0\"  class=\"panel-grid panel-no-style\" ><div id=\"pgc-9578-0-0\"  class=\"panel-grid-cell\" ><div id=\"panel-9578-0-0-0\" class=\"so-panel widget widget_siteorigin-panels-image panel-first-child panel-last-child\" data-index=\"0\" ><div class=\"img-block panel-widget-style panel-widget-style-for-9578-0-0-0\" ><img decoding=\"async\" src=\"https:\/\/www.eurofirany.com.pl\/blog\/wp-content\/uploads\/2020\/10\/lp-2020new.png\" \/><\/div><\/div><\/div><\/div><div id=\"pg-9578-1\"  class=\"panel-grid panel-has-style\" ><div class=\"landingpage panel-row-style panel-row-style-for-9578-1\" ><div id=\"pgc-9578-1-0\"  class=\"panel-grid-cell\" ><div id=\"panel-9578-1-0-0\" class=\"so-panel widget widget_sow-editor panel-first-child panel-last-child\" data-index=\"1\" ><div\n\t\t\t\n\t\t\tclass=\"so-widget-sow-editor so-widget-sow-editor-base\"\n\t\t\t\n\t\t>\n<div class=\"siteorigin-widget-tinymce textwidget\">\n\t<h1 style=\"color:#e9c2a6;\">ZAPRASZAMY DO WSP\u00d3\u0141PRACY<\/h1>\n<h2 style=\"color: #fff !important;\">architekt\u00f3w <span style=\"color:#e9c2a6\">\u2022<\/span> projektant\u00f3w <span style=\"color:#e9c2a6\">\u2022<\/span> dekorator\u00f3w <span style=\"color:#e9c2a6\">\u2022<\/span> stylist\u00f3w<\/h2>\n<p style=\"color:#fff;\">Do\u015bwiadczenie, kompleksowa wiedza i indywidualne podej\u015bcie do klienta<br \/>\nna ka\u017cdym etapie zam\u00f3wienia to standard wsp\u00f3\u0142pracy z nami.<br \/>\nW celu uzyskania szczeg\u00f3\u0142owych informacji zapraszamy do kontaktu poprzez formularz.<\/p>\n<p style=\"color:#e9c2a6;\">Zaczekaj na wiadomo\u015b\u0107 - odpowiadamy bardzo szybko \ud83d\ude42<\/p>\n<\/div>\n<\/div><\/div><\/div><div id=\"pgc-9578-1-1\"  class=\"panel-grid-cell\" ><div id=\"panel-9578-1-1-0\" class=\"so-panel widget widget_sow-editor panel-first-child panel-last-child\" data-index=\"2\" ><div class=\"landingpageform panel-widget-style panel-widget-style-for-9578-1-1-0\" ><div\n\t\t\t\n\t\t\tclass=\"so-widget-sow-editor so-widget-sow-editor-base\"\n\t\t\t\n\t\t>\n<div class=\"siteorigin-widget-tinymce textwidget\">\n\t\n<div class=\"wpcf7 no-js\" id=\"wpcf7-f9646-o1\" lang=\"pl-PL\" dir=\"ltr\" data-wpcf7-id=\"9646\">\n<div class=\"screen-reader-response\"><p role=\"status\" aria-live=\"polite\" aria-atomic=\"true\"><\/p> <ul><\/ul><\/div>\n<form action=\"\/blog\/wp-json\/wp\/v2\/pages\/9578#wpcf7-f9646-o1\" method=\"post\" class=\"wpcf7-form init\" aria-label=\"Formularz kontaktowy\" novalidate=\"novalidate\" data-status=\"init\">\n<fieldset class=\"hidden-fields-container\"><input type=\"hidden\" name=\"_wpcf7\" value=\"9646\" \/><input type=\"hidden\" name=\"_wpcf7_version\" value=\"6.1.5\" \/><input type=\"hidden\" name=\"_wpcf7_locale\" value=\"pl_PL\" \/><input type=\"hidden\" name=\"_wpcf7_unit_tag\" value=\"wpcf7-f9646-o1\" \/><input type=\"hidden\" name=\"_wpcf7_container_post\" value=\"0\" \/><input type=\"hidden\" name=\"_wpcf7_posted_data_hash\" value=\"\" \/><input type=\"hidden\" name=\"_wpcf7_recaptcha_response\" value=\"\" \/>\n<\/fieldset>\n<p><label> Imi\u0119 i nazwisko (wymagane)<br \/>\n<span class=\"wpcf7-form-control-wrap\" data-name=\"your-name\"><input size=\"40\" maxlength=\"400\" class=\"wpcf7-form-control wpcf7-text wpcf7-validates-as-required\" aria-required=\"true\" aria-invalid=\"false\" value=\"\" type=\"text\" name=\"your-name\" \/><\/span> <\/label>\n<\/p>\n<p><label> Adres email (wymagane)<br \/>\n<span class=\"wpcf7-form-control-wrap\" data-name=\"your-email\"><input size=\"40\" maxlength=\"400\" class=\"wpcf7-form-control wpcf7-email wpcf7-validates-as-required wpcf7-text wpcf7-validates-as-email\" aria-required=\"true\" aria-invalid=\"false\" value=\"\" type=\"email\" name=\"your-email\" \/><\/span> <\/label>\n<\/p>\n<p><label> Temat<br \/>\n<span class=\"wpcf7-form-control-wrap\" data-name=\"your-subject\"><input size=\"40\" maxlength=\"400\" class=\"wpcf7-form-control wpcf7-text\" aria-invalid=\"false\" value=\"\" type=\"text\" name=\"your-subject\" \/><\/span> <\/label>\n<\/p>\n<p><label> Tre\u015b\u0107 wiadomo\u015bci<br \/>\n<span class=\"wpcf7-form-control-wrap\" data-name=\"your-message\"><textarea cols=\"40\" rows=\"10\" maxlength=\"2000\" class=\"wpcf7-form-control wpcf7-textarea\" aria-invalid=\"false\" name=\"your-message\"><\/textarea><\/span> <\/label>\n<\/p>\n<p><input class=\"wpcf7-form-control wpcf7-submit has-spinner\" type=\"submit\" value=\"Wy\u015blij\" \/>\n<\/p>\n<p style=\"font-size: 8px; line-height: 1em;\"><br \/>\nAdministratorem danych osobowych przetwarzanych przez serwis www.eurofirany.com.pl. jest \"EUROFIRANY\" B.B. Choczy\u0144scy Sp\u00f3\u0142ka Jawna z siedzib\u0105 w \u017bywcu \/34\u2013300\/ przy ul. Sienkiewicza 81, wpisana do Rejestru Przedsi\u0119biorc\u00f3w Krajowego Rejestru S\u0105dowego prowadzonego przez S\u0105d Rejonowy w Bielsku \u2013 Bia\u0142ej, VIII Wydzia\u0142 Gospodarczy Krajowego Rejestru S\u0105dowego pod numerem KRS: 0000246287, NIP: 553-23-36-625, REGON: 240238276, dalej zwana tak\u017ce Sp\u00f3\u0142ka EUROFIRANY. W <a href=\"https:\/\/www.eurofirany.com.pl\/sklep-online\/polityka-prywatnosci-295\" target=\"_blank\">Polityce Prywatno\u015bci<\/a> Administrator informuje o celu, okresie i podstawach prawnych przetwarzania danych osobowych.\n<\/p><div class=\"wpcf7-response-output\" aria-hidden=\"true\"><\/div>\n<\/form>\n<\/div>\n\n<\/div>\n<\/div><\/div><\/div><\/div><\/div><\/div><\/div>","protected":false},"excerpt":{"rendered":"<p>ZAPRASZAMY DO WSP\u00d3\u0141PRACY architekt\u00f3w \u2022 projektant\u00f3w \u2022 dekorator\u00f3w \u2022 stylist\u00f3w Do\u015bwiadczenie, kompleksowa wiedza i indywidualne podej\u015bcie do klienta na ka\u017cdym etapie zam\u00f3wienia to standard wsp\u00f3\u0142pracy z nami. W celu uzyskania szczeg\u00f3\u0142owych informacji zapraszamy do kontaktu poprzez formularz. Zaczekaj na wiadomo\u015b\u0107 [&hellip;]<\/p>\n","protected":false},"author":2,"featured_media":0,"parent":0,"menu_order":0,"comment_status":"closed","ping_status":"closed","template":"page_landingpage.php","meta":{"footnotes":""},"class_list":["post-9578","page","type-page","status-publish","hentry"],"yoast_head":"<!-- This site is optimized with the Yoast SEO plugin v27.5 - https:\/\/yoast.com\/product\/yoast-seo-wordpress\/ -->\n<title>Architekci - wsp\u00f3\u0142praca - E-blog by Eurofirany<\/title>\n<meta name=\"description\" content=\"Jeste\u015b architektem? Dowiedz si\u0119, jak mo\u017cesz rozpocz\u0105\u0107 wsp\u00f3\u0142prac\u0119 z firm\u0105 Eurofirany. Zapraszamy architekt\u00f3w. Wype\u0142nij formularz kontaktowy.\" \/>\n<meta name=\"robots\" content=\"index, follow, max-snippet:-1, max-image-preview:large, max-video-preview:-1\" \/>\n<link rel=\"canonical\" href=\"https:\/\/www.eurofirany.com.pl\/blog\/architekci-wspolpraca\" \/>\n<meta property=\"og:locale\" content=\"pl_PL\" \/>\n<meta property=\"og:type\" content=\"article\" \/>\n<meta property=\"og:title\" content=\"Architekci - wsp\u00f3\u0142praca - E-blog by Eurofirany\" \/>\n<meta property=\"og:description\" content=\"Jeste\u015b architektem? Dowiedz si\u0119, jak mo\u017cesz rozpocz\u0105\u0107 wsp\u00f3\u0142prac\u0119 z firm\u0105 Eurofirany. Zapraszamy architekt\u00f3w. Wype\u0142nij formularz kontaktowy.\" \/>\n<meta property=\"og:url\" content=\"https:\/\/www.eurofirany.com.pl\/blog\/architekci-wspolpraca\" \/>\n<meta property=\"og:site_name\" content=\"E-blog by Eurofirany\" \/>\n<meta property=\"article:modified_time\" content=\"2020-10-22T11:42:25+00:00\" \/>\n<meta name=\"twitter:card\" content=\"summary_large_image\" \/>\n<script type=\"application\/ld+json\" class=\"yoast-schema-graph\">{\"@context\":\"https:\\\/\\\/schema.org\",\"@graph\":[{\"@type\":\"WebPage\",\"@id\":\"https:\\\/\\\/www.eurofirany.com.pl\\\/blog\\\/architekci-wspolpraca\",\"url\":\"https:\\\/\\\/www.eurofirany.com.pl\\\/blog\\\/architekci-wspolpraca\",\"name\":\"Architekci - wsp\u00f3\u0142praca - E-blog by Eurofirany\",\"isPartOf\":{\"@id\":\"https:\\\/\\\/www.eurofirany.com.pl\\\/blog\\\/#website\"},\"datePublished\":\"2020-10-07T10:16:04+00:00\",\"dateModified\":\"2020-10-22T11:42:25+00:00\",\"description\":\"Jeste\u015b architektem? Dowiedz si\u0119, jak mo\u017cesz rozpocz\u0105\u0107 wsp\u00f3\u0142prac\u0119 z firm\u0105 Eurofirany. Zapraszamy architekt\u00f3w. Wype\u0142nij formularz kontaktowy.\",\"breadcrumb\":{\"@id\":\"https:\\\/\\\/www.eurofirany.com.pl\\\/blog\\\/architekci-wspolpraca#breadcrumb\"},\"inLanguage\":\"pl-PL\",\"potentialAction\":[{\"@type\":\"ReadAction\",\"target\":[\"https:\\\/\\\/www.eurofirany.com.pl\\\/blog\\\/architekci-wspolpraca\"]}]},{\"@type\":\"BreadcrumbList\",\"@id\":\"https:\\\/\\\/www.eurofirany.com.pl\\\/blog\\\/architekci-wspolpraca#breadcrumb\",\"itemListElement\":[{\"@type\":\"ListItem\",\"position\":1,\"name\":\"Strona g\u0142\u00f3wna\",\"item\":\"https:\\\/\\\/www.eurofirany.com.pl\\\/blog\"},{\"@type\":\"ListItem\",\"position\":2,\"name\":\"Architekci &#8211; wsp\u00f3\u0142praca\"}]},{\"@type\":\"WebSite\",\"@id\":\"https:\\\/\\\/www.eurofirany.com.pl\\\/blog\\\/#website\",\"url\":\"https:\\\/\\\/www.eurofirany.com.pl\\\/blog\\\/\",\"name\":\"E-blog by Eurofirany\",\"description\":\"\",\"publisher\":{\"@id\":\"https:\\\/\\\/www.eurofirany.com.pl\\\/blog\\\/#organization\"},\"potentialAction\":[{\"@type\":\"SearchAction\",\"target\":{\"@type\":\"EntryPoint\",\"urlTemplate\":\"https:\\\/\\\/www.eurofirany.com.pl\\\/blog\\\/?s={search_term_string}\"},\"query-input\":{\"@type\":\"PropertyValueSpecification\",\"valueRequired\":true,\"valueName\":\"search_term_string\"}}],\"inLanguage\":\"pl-PL\"},{\"@type\":\"Organization\",\"@id\":\"https:\\\/\\\/www.eurofirany.com.pl\\\/blog\\\/#organization\",\"name\":\"Eurofirany\",\"url\":\"https:\\\/\\\/www.eurofirany.com.pl\\\/blog\\\/\",\"logo\":{\"@type\":\"ImageObject\",\"inLanguage\":\"pl-PL\",\"@id\":\"https:\\\/\\\/www.eurofirany.com.pl\\\/blog\\\/#\\\/schema\\\/logo\\\/image\\\/\",\"url\":\"https:\\\/\\\/www.eurofirany.com.pl\\\/blog\\\/wp-content\\\/uploads\\\/2017\\\/07\\\/logo.png\",\"contentUrl\":\"https:\\\/\\\/www.eurofirany.com.pl\\\/blog\\\/wp-content\\\/uploads\\\/2017\\\/07\\\/logo.png\",\"width\":428,\"height\":201,\"caption\":\"Eurofirany\"},\"image\":{\"@id\":\"https:\\\/\\\/www.eurofirany.com.pl\\\/blog\\\/#\\\/schema\\\/logo\\\/image\\\/\"}}]}<\/script>\n<!-- \/ Yoast SEO plugin. -->","yoast_head_json":{"title":"Architekci - wsp\u00f3\u0142praca - E-blog by Eurofirany","description":"Jeste\u015b architektem? Dowiedz si\u0119, jak mo\u017cesz rozpocz\u0105\u0107 wsp\u00f3\u0142prac\u0119 z firm\u0105 Eurofirany. Zapraszamy architekt\u00f3w. Wype\u0142nij formularz kontaktowy.","robots":{"index":"index","follow":"follow","max-snippet":"max-snippet:-1","max-image-preview":"max-image-preview:large","max-video-preview":"max-video-preview:-1"},"canonical":"https:\/\/www.eurofirany.com.pl\/blog\/architekci-wspolpraca","og_locale":"pl_PL","og_type":"article","og_title":"Architekci - wsp\u00f3\u0142praca - E-blog by Eurofirany","og_description":"Jeste\u015b architektem? Dowiedz si\u0119, jak mo\u017cesz rozpocz\u0105\u0107 wsp\u00f3\u0142prac\u0119 z firm\u0105 Eurofirany. Zapraszamy architekt\u00f3w. Wype\u0142nij formularz kontaktowy.","og_url":"https:\/\/www.eurofirany.com.pl\/blog\/architekci-wspolpraca","og_site_name":"E-blog by Eurofirany","article_modified_time":"2020-10-22T11:42:25+00:00","twitter_card":"summary_large_image","schema":{"@context":"https:\/\/schema.org","@graph":[{"@type":"WebPage","@id":"https:\/\/www.eurofirany.com.pl\/blog\/architekci-wspolpraca","url":"https:\/\/www.eurofirany.com.pl\/blog\/architekci-wspolpraca","name":"Architekci - wsp\u00f3\u0142praca - E-blog by Eurofirany","isPartOf":{"@id":"https:\/\/www.eurofirany.com.pl\/blog\/#website"},"datePublished":"2020-10-07T10:16:04+00:00","dateModified":"2020-10-22T11:42:25+00:00","description":"Jeste\u015b architektem? Dowiedz si\u0119, jak mo\u017cesz rozpocz\u0105\u0107 wsp\u00f3\u0142prac\u0119 z firm\u0105 Eurofirany. Zapraszamy architekt\u00f3w. Wype\u0142nij formularz kontaktowy.","breadcrumb":{"@id":"https:\/\/www.eurofirany.com.pl\/blog\/architekci-wspolpraca#breadcrumb"},"inLanguage":"pl-PL","potentialAction":[{"@type":"ReadAction","target":["https:\/\/www.eurofirany.com.pl\/blog\/architekci-wspolpraca"]}]},{"@type":"BreadcrumbList","@id":"https:\/\/www.eurofirany.com.pl\/blog\/architekci-wspolpraca#breadcrumb","itemListElement":[{"@type":"ListItem","position":1,"name":"Strona g\u0142\u00f3wna","item":"https:\/\/www.eurofirany.com.pl\/blog"},{"@type":"ListItem","position":2,"name":"Architekci &#8211; wsp\u00f3\u0142praca"}]},{"@type":"WebSite","@id":"https:\/\/www.eurofirany.com.pl\/blog\/#website","url":"https:\/\/www.eurofirany.com.pl\/blog\/","name":"E-blog by Eurofirany","description":"","publisher":{"@id":"https:\/\/www.eurofirany.com.pl\/blog\/#organization"},"potentialAction":[{"@type":"SearchAction","target":{"@type":"EntryPoint","urlTemplate":"https:\/\/www.eurofirany.com.pl\/blog\/?s={search_term_string}"},"query-input":{"@type":"PropertyValueSpecification","valueRequired":true,"valueName":"search_term_string"}}],"inLanguage":"pl-PL"},{"@type":"Organization","@id":"https:\/\/www.eurofirany.com.pl\/blog\/#organization","name":"Eurofirany","url":"https:\/\/www.eurofirany.com.pl\/blog\/","logo":{"@type":"ImageObject","inLanguage":"pl-PL","@id":"https:\/\/www.eurofirany.com.pl\/blog\/#\/schema\/logo\/image\/","url":"https:\/\/www.eurofirany.com.pl\/blog\/wp-content\/uploads\/2017\/07\/logo.png","contentUrl":"https:\/\/www.eurofirany.com.pl\/blog\/wp-content\/uploads\/2017\/07\/logo.png","width":428,"height":201,"caption":"Eurofirany"},"image":{"@id":"https:\/\/www.eurofirany.com.pl\/blog\/#\/schema\/logo\/image\/"}}]}},"_links":{"self":[{"href":"https:\/\/www.eurofirany.com.pl\/blog\/wp-json\/wp\/v2\/pages\/9578","targetHints":{"allow":["GET"]}}],"collection":[{"href":"https:\/\/www.eurofirany.com.pl\/blog\/wp-json\/wp\/v2\/pages"}],"about":[{"href":"https:\/\/www.eurofirany.com.pl\/blog\/wp-json\/wp\/v2\/types\/page"}],"author":[{"embeddable":true,"href":"https:\/\/www.eurofirany.com.pl\/blog\/wp-json\/wp\/v2\/users\/2"}],"replies":[{"embeddable":true,"href":"https:\/\/www.eurofirany.com.pl\/blog\/wp-json\/wp\/v2\/comments?post=9578"}],"version-history":[{"count":84,"href":"https:\/\/www.eurofirany.com.pl\/blog\/wp-json\/wp\/v2\/pages\/9578\/revisions"}],"predecessor-version":[{"id":9779,"href":"https:\/\/www.eurofirany.com.pl\/blog\/wp-json\/wp\/v2\/pages\/9578\/revisions\/9779"}],"wp:attachment":[{"href":"https:\/\/www.eurofirany.com.pl\/blog\/wp-json\/wp\/v2\/media?parent=9578"}],"curies":[{"name":"wp","href":"https:\/\/api.w.org\/{rel}","templated":true}]}}