{"id":9789,"date":"2020-10-29T15:48:09","date_gmt":"2020-10-29T14:48:09","guid":{"rendered":"https:\/\/www.eurofirany.com.pl\/blog\/?page_id=9789"},"modified":"2020-10-30T15:03:22","modified_gmt":"2020-10-30T14:03:22","slug":"zaslony-na-flexach-poradnik","status":"publish","type":"page","link":"https:\/\/www.eurofirany.com.pl\/blog\/zaslony-na-flexach-poradnik","title":{"rendered":"Zas\u0142ony na flexach &#8211; poradnik"},"content":{"rendered":"<div id=\"pl-9789\"  class=\"panel-layout\" ><div id=\"pg-9789-0\"  class=\"panel-grid panel-has-style\" ><div class=\"panel-row-style panel-row-style-for-9789-0\" ><div id=\"pgc-9789-0-0\"  class=\"panel-grid-cell\" ><div id=\"panel-9789-0-0-0\" class=\"so-panel widget widget_sow-editor panel-first-child panel-last-child\" data-index=\"0\" ><div\n\t\t\t\n\t\t\tclass=\"so-widget-sow-editor so-widget-sow-editor-base\"\n\t\t\t\n\t\t>\n<div class=\"siteorigin-widget-tinymce textwidget\">\n\t<h2 style=\"text-align: center;\"><\/h2>\n<h2 style=\"text-align: center;\"><\/h2>\n<h2 style=\"text-align: center;\"><\/h2>\n<h2 style=\"text-align: center;\"><\/h2>\n<h2><\/h2>\n<p>&nbsp;<\/p>\n<h2 style=\"text-align: center;\"><\/h2>\n<h2 style=\"text-align: center;\">ZAS\u0141ONY NA FLEXACH<\/h2>\n<hr \/>\n<p style=\"text-align: center;\"><strong>Komfort i ponadczasowo\u015b\u0107<\/strong><\/p>\n<p>&nbsp;<\/p>\n<p style=\"text-align: center;\">Decyduj\u0105c si\u0119 na szycie zas\u0142on lub firan na flexach<br \/>\notrzymujemy funkcjonalny i estetyczny efekt aran\u017cacji okna.<\/p>\n<p style=\"text-align: center;\"><strong>Zalety tkanin na flexach:<\/strong><\/p>\n<p style=\"text-align: center;\">Dzi\u0119ki wszytym na stale haczykom mo\u017cemy swobodnie<br \/>\ni szybko zdj\u0105\u0107 oraz ponownie za\u0142o\u017cy\u0107 dekoracje okienne.<\/p>\n<p style=\"text-align: center;\">Haczyki zapewniaj\u0105 mo\u017cliwo\u015b\u0107 korygowania wysoko\u015bci<br \/>\nzawieszenia nawet do 5 cm w przypadku karniszy \u015bciennych.<br \/>\nTo ogromne u\u0142atwienie w sytuacji, gdy nasza pod\u0142oga<br \/>\nlub sufit nie s\u0105 idealnie r\u00f3wne.<\/p>\n<\/div>\n<\/div><\/div><\/div><div id=\"pgc-9789-0-1\"  class=\"panel-grid-cell\" ><div id=\"panel-9789-0-1-0\" class=\"so-panel widget widget_siteorigin-panels-embedded-video panel-first-child panel-last-child\" data-index=\"1\" ><div class=\"panel-widget-style panel-widget-style-for-9789-0-1-0\" >\t\t<div class=\"siteorigin-fitvids\"><iframe loading=\"lazy\" title=\"Zas\u0142ony na flexach  - jak je powiesi\u0107, jak zmierzy\u0107?\" width=\"500\" height=\"281\" src=\"https:\/\/www.youtube.com\/embed\/v20z2nFTyh0?feature=oembed\" frameborder=\"0\" allow=\"accelerometer; autoplay; clipboard-write; encrypted-media; gyroscope; picture-in-picture; web-share\" referrerpolicy=\"strict-origin-when-cross-origin\" allowfullscreen><\/iframe><\/div>\n\t\t<\/div><\/div><\/div><\/div><\/div><div id=\"pg-9789-1\"  class=\"panel-grid panel-no-style\" ><div id=\"pgc-9789-1-0\"  class=\"panel-grid-cell\" ><div id=\"panel-9789-1-0-0\" class=\"so-panel widget widget_sow-slider panel-first-child panel-last-child\" data-index=\"2\" ><div class=\"panel-widget-style panel-widget-style-for-9789-1-0-0\" ><div\n\t\t\t\n\t\t\tclass=\"so-widget-sow-slider so-widget-sow-slider-default-0f2ad1f873e9-9789\"\n\t\t\t\n\t\t>\t\t\t\t<div class=\"sow-slider-base\" style=\"display: none\" tabindex=\"0\">\n\t\t\t\t\t<ul\n\t\t\t\t\tclass=\"sow-slider-images\"\n\t\t\t\t\tdata-settings=\"{&quot;pagination&quot;:true,&quot;speed&quot;:800,&quot;timeout&quot;:8000,&quot;paused&quot;:true,&quot;pause_on_hover&quot;:false,&quot;swipe&quot;:false,&quot;nav_always_show_desktop&quot;:&quot;&quot;,&quot;nav_always_show_mobile&quot;:&quot;&quot;,&quot;breakpoint&quot;:&quot;780px&quot;,&quot;unmute&quot;:false,&quot;anchor&quot;:null}\"\n\t\t\t\t\t\t\t\t\t\tdata-anchor-id=\"\"\n\t\t\t\t>\t\t<li class=\"sow-slider-image\" style=\"visibility: visible;\" >\n\t\t\t\t\t\t<img loading=\"lazy\" decoding=\"async\" width=\"500\" height=\"500\" src=\"https:\/\/www.eurofirany.com.pl\/blog\/wp-content\/uploads\/2020\/10\/flex1.1.jpg\" class=\"sow-slider-background-image\" alt=\"\" style=\"\" \/>\t\t<\/li>\n\t\t\t\t<li class=\"sow-slider-image\" style=\"visibility: hidden;\" >\n\t\t\t\t\t\t<img loading=\"lazy\" decoding=\"async\" width=\"500\" height=\"500\" src=\"https:\/\/www.eurofirany.com.pl\/blog\/wp-content\/uploads\/2020\/10\/flex1.2.jpg\" class=\"sow-slider-background-image\" alt=\"\" style=\"\" \/>\t\t<\/li>\n\t\t<\/ul>\t\t\t\t<ol class=\"sow-slider-pagination\">\n\t\t\t\t\t\t\t\t\t\t\t<li><a href=\"#\" data-goto=\"0\" aria-label=\"Display slide 1\"><\/a><\/li>\n\t\t\t\t\t\t\t\t\t\t\t<li><a href=\"#\" data-goto=\"1\" aria-label=\"Display slide 2\"><\/a><\/li>\n\t\t\t\t\t\t\t\t\t<\/ol>\n\n\t\t\t\t<div class=\"sow-slide-nav sow-slide-nav-next\">\n\t\t\t\t\t<a href=\"#\" data-goto=\"next\" aria-label=\"Next slide\" data-action=\"next\">\n\t\t\t\t\t\t<em class=\"sow-sld-icon-thin-rounded-right\"><\/em>\n\t\t\t\t\t<\/a>\n\t\t\t\t<\/div>\n\n\t\t\t\t<div class=\"sow-slide-nav sow-slide-nav-prev\">\n\t\t\t\t\t<a href=\"#\" data-goto=\"previous\" aria-label=\"Previous slide\" data-action=\"prev\">\n\t\t\t\t\t\t<em class=\"sow-sld-icon-thin-rounded-left\"><\/em>\n\t\t\t\t\t<\/a>\n\t\t\t\t<\/div>\n\t\t\t\t<\/div><\/div><\/div><\/div><\/div><div id=\"pgc-9789-1-1\"  class=\"panel-grid-cell\" ><div id=\"panel-9789-1-1-0\" class=\"so-panel widget widget_sow-editor panel-first-child panel-last-child\" data-index=\"3\" ><div\n\t\t\t\n\t\t\tclass=\"so-widget-sow-editor so-widget-sow-editor-base\"\n\t\t\t\n\t\t>\n<div class=\"siteorigin-widget-tinymce textwidget\">\n\t<h2 style=\"text-align: center;\"><\/h2>\n<h2 style=\"text-align: center;\"><\/h2>\n<h2 style=\"text-align: center;\"><\/h2>\n<h2 style=\"text-align: center;\"><\/h2>\n<h2 style=\"text-align: center;\"><\/h2>\n<br \/>\n<br \/>\n<br \/>\n<br \/>\n<br \/>\n<h2 style=\"text-align: center;\">MOCOWANIE NA FLEXACH<\/h2>\n\n<hr \/>\n\n<h2 style=\"text-align: center;\">STRONA WEWN\u0118TRZNA<\/h2><\/div>\n<\/div><\/div><\/div><div id=\"pgc-9789-1-2\"  class=\"panel-grid-cell\" ><div id=\"panel-9789-1-2-0\" class=\"so-panel widget widget_sow-slider panel-first-child panel-last-child\" data-index=\"4\" ><div class=\"panel-widget-style panel-widget-style-for-9789-1-2-0\" ><div\n\t\t\t\n\t\t\tclass=\"so-widget-sow-slider so-widget-sow-slider-default-6d39609536fd-9789\"\n\t\t\t\n\t\t>\t\t\t\t<div class=\"sow-slider-base\" style=\"display: none\" tabindex=\"0\">\n\t\t\t\t\t<ul\n\t\t\t\t\tclass=\"sow-slider-images\"\n\t\t\t\t\tdata-settings=\"{&quot;pagination&quot;:true,&quot;speed&quot;:800,&quot;timeout&quot;:8000,&quot;paused&quot;:true,&quot;pause_on_hover&quot;:false,&quot;swipe&quot;:false,&quot;nav_always_show_desktop&quot;:&quot;&quot;,&quot;nav_always_show_mobile&quot;:&quot;&quot;,&quot;breakpoint&quot;:&quot;780px&quot;,&quot;unmute&quot;:false,&quot;anchor&quot;:null}\"\n\t\t\t\t\t\t\t\t\t\tdata-anchor-id=\"\"\n\t\t\t\t>\t\t<li class=\"sow-slider-image\" style=\"visibility: visible;\" >\n\t\t\t\t\t\t<img loading=\"lazy\" decoding=\"async\" width=\"500\" height=\"500\" src=\"https:\/\/www.eurofirany.com.pl\/blog\/wp-content\/uploads\/2020\/10\/flex1.3.jpg\" class=\"sow-slider-background-image\" alt=\"\" style=\"\" \/>\t\t<\/li>\n\t\t\t\t<li class=\"sow-slider-image\" style=\"visibility: hidden;\" >\n\t\t\t\t\t\t<img loading=\"lazy\" decoding=\"async\" width=\"500\" height=\"500\" src=\"https:\/\/www.eurofirany.com.pl\/blog\/wp-content\/uploads\/2020\/10\/flex1.4.jpg\" class=\"sow-slider-background-image\" alt=\"\" style=\"\" \/>\t\t<\/li>\n\t\t<\/ul>\t\t\t\t<ol class=\"sow-slider-pagination\">\n\t\t\t\t\t\t\t\t\t\t\t<li><a href=\"#\" data-goto=\"0\" aria-label=\"Display slide 1\"><\/a><\/li>\n\t\t\t\t\t\t\t\t\t\t\t<li><a href=\"#\" data-goto=\"1\" aria-label=\"Display slide 2\"><\/a><\/li>\n\t\t\t\t\t\t\t\t\t<\/ol>\n\n\t\t\t\t<div class=\"sow-slide-nav sow-slide-nav-next\">\n\t\t\t\t\t<a href=\"#\" data-goto=\"next\" aria-label=\"Next slide\" data-action=\"next\">\n\t\t\t\t\t\t<em class=\"sow-sld-icon-thin-right\"><\/em>\n\t\t\t\t\t<\/a>\n\t\t\t\t<\/div>\n\n\t\t\t\t<div class=\"sow-slide-nav sow-slide-nav-prev\">\n\t\t\t\t\t<a href=\"#\" data-goto=\"previous\" aria-label=\"Previous slide\" data-action=\"prev\">\n\t\t\t\t\t\t<em class=\"sow-sld-icon-thin-left\"><\/em>\n\t\t\t\t\t<\/a>\n\t\t\t\t<\/div>\n\t\t\t\t<\/div><\/div><\/div><\/div><\/div><div id=\"pgc-9789-1-3\"  class=\"panel-grid-cell\" ><div id=\"panel-9789-1-3-0\" class=\"so-panel widget widget_sow-editor panel-first-child panel-last-child\" data-index=\"5\" ><div\n\t\t\t\n\t\t\tclass=\"so-widget-sow-editor so-widget-sow-editor-base\"\n\t\t\t\n\t\t>\n<div class=\"siteorigin-widget-tinymce textwidget\">\n\t<h2 style=\"text-align: center;\"><\/h2>\n<h2 style=\"text-align: center;\"><\/h2>\n<h2 style=\"text-align: center;\"><\/h2>\n<h2 style=\"text-align: center;\"><\/h2>\n<h2 style=\"text-align: center;\"><\/h2>\n&nbsp;\n<br \/>\n<br \/>\n<br \/>\n<br \/>\n<br \/>\n<h2 style=\"text-align: center;\">MOCOWANIE NA FLEXACH<\/h2>\n\n<hr \/>\n\n<h2 style=\"text-align: center;\"><\/h2><\/div>\n<\/div><\/div><\/div><\/div><div id=\"pg-9789-2\"  class=\"panel-grid panel-no-style\" ><div id=\"pgc-9789-2-0\"  class=\"panel-grid-cell\" ><div id=\"panel-9789-2-0-0\" class=\"so-panel widget widget_sow-editor panel-first-child panel-last-child\" data-index=\"6\" ><div\n\t\t\t\n\t\t\tclass=\"so-widget-sow-editor so-widget-sow-editor-base\"\n\t\t\t\n\t\t>\n<div class=\"siteorigin-widget-tinymce textwidget\">\n\t<h2 style=\"text-align: center;\"><\/h2>\n<h2 style=\"text-align: center;\"><\/h2>\n<h2 style=\"text-align: center;\"><\/h2>\n<h2 style=\"text-align: center;\"><\/h2>\n<h2 style=\"text-align: center;\"><\/h2>\n&nbsp;\n<br \/>\n<br \/>\n<br \/>\n<br \/>\n<br \/>\n<h2 style=\"text-align: center;\">Przyk\u0142adowe aran\u017cacje z wykorzystaniem tkanin na flexach<\/h2>\n\n<hr \/>\n\n<h2 style=\"text-align: center;\"><\/h2><\/div>\n<\/div><\/div><\/div><\/div><div id=\"pg-9789-3\"  class=\"panel-grid panel-has-style\" ><div class=\"panel-row-style panel-row-style-for-9789-3\" ><div id=\"pgc-9789-3-0\"  class=\"panel-grid-cell\" ><div id=\"panel-9789-3-0-0\" class=\"so-panel widget widget_siteorigin-panels-image panel-first-child panel-last-child\" data-index=\"7\" ><img decoding=\"async\" src=\"https:\/\/www.eurofirany.com.pl\/blog\/wp-content\/uploads\/2020\/10\/felx-2.3.jpg\" \/><\/div><\/div><div id=\"pgc-9789-3-1\"  class=\"panel-grid-cell\" ><div id=\"panel-9789-3-1-0\" class=\"so-panel widget widget_siteorigin-panels-image panel-first-child panel-last-child\" data-index=\"8\" ><img decoding=\"async\" src=\"https:\/\/www.eurofirany.com.pl\/blog\/wp-content\/uploads\/2020\/10\/flex2.1.jpg\" \/><\/div><\/div><div id=\"pgc-9789-3-2\"  class=\"panel-grid-cell\" ><div id=\"panel-9789-3-2-0\" class=\"so-panel widget widget_siteorigin-panels-image panel-first-child panel-last-child\" data-index=\"9\" ><img decoding=\"async\" src=\"https:\/\/www.eurofirany.com.pl\/blog\/wp-content\/uploads\/2020\/10\/flex2.2.jpg\" \/><\/div><\/div><div id=\"pgc-9789-3-3\"  class=\"panel-grid-cell\" ><div id=\"panel-9789-3-3-0\" class=\"so-panel widget widget_siteorigin-panels-image panel-first-child panel-last-child\" data-index=\"10\" ><img decoding=\"async\" src=\"https:\/\/www.eurofirany.com.pl\/blog\/wp-content\/uploads\/2020\/10\/felx-2.4.jpg\" \/><\/div><\/div><\/div><\/div><div id=\"pg-9789-4\"  class=\"panel-grid panel-has-style\" ><div class=\"panel-row-style panel-row-style-for-9789-4\" ><div id=\"pgc-9789-4-0\"  class=\"panel-grid-cell\" ><div id=\"panel-9789-4-0-0\" class=\"so-panel widget widget_siteorigin-panels-image panel-first-child panel-last-child\" data-index=\"11\" ><img decoding=\"async\" src=\"https:\/\/www.eurofirany.com.pl\/blog\/wp-content\/uploads\/2020\/10\/felx-3.3.jpg\" \/><\/div><\/div><div id=\"pgc-9789-4-1\"  class=\"panel-grid-cell\" ><div id=\"panel-9789-4-1-0\" class=\"so-panel widget widget_siteorigin-panels-image panel-first-child panel-last-child\" data-index=\"12\" ><img decoding=\"async\" src=\"https:\/\/www.eurofirany.com.pl\/blog\/wp-content\/uploads\/2020\/10\/felx-3.2.jpg\" \/><\/div><\/div><div id=\"pgc-9789-4-2\"  class=\"panel-grid-cell\" ><div id=\"panel-9789-4-2-0\" class=\"so-panel widget widget_siteorigin-panels-image panel-first-child panel-last-child\" data-index=\"13\" ><img decoding=\"async\" src=\"https:\/\/www.eurofirany.com.pl\/blog\/wp-content\/uploads\/2020\/10\/felx-3.1.jpg\" \/><\/div><\/div><\/div><\/div><div id=\"pg-9789-5\"  class=\"panel-grid panel-has-style\" ><div class=\"panel-row-style panel-row-style-for-9789-5\" ><div id=\"pgc-9789-5-0\"  class=\"panel-grid-cell panel-grid-cell-empty\" ><\/div><div id=\"pgc-9789-5-1\"  class=\"panel-grid-cell panel-grid-cell-mobile-last\" ><div id=\"panel-9789-5-1-0\" class=\"so-panel widget widget_sow-editor panel-first-child\" data-index=\"14\" ><div\n\t\t\t\n\t\t\tclass=\"so-widget-sow-editor so-widget-sow-editor-base\"\n\t\t\t\n\t\t>\n<div class=\"siteorigin-widget-tinymce textwidget\">\n\t<h2 style=\"text-align: center;\">Zobacz nasze zas\u0142ony na flexach<\/h2>\n<p style=\"text-align: center;\">Sprawd\u017a bogat\u0105 ofert\u0119 zas\u0142o\u0144 szytych na wymiar z zawieszeniem na flexach.<\/p>\n<\/div>\n<\/div><\/div><div id=\"panel-9789-5-1-1\" class=\"so-panel widget widget_sow-button panel-last-child\" data-index=\"15\" ><div\n\t\t\t\n\t\t\tclass=\"so-widget-sow-button so-widget-sow-button-wire-fb1d7d74b6bb-9789\"\n\t\t\t\n\t\t><div class=\"ow-button-base ow-button-align-center\"\n>\n\t\t\t<a\n\t\t\t\t\thref=\"https:\/\/www.eurofirany.com.pl\/sklep-online\/zaslony-szyte-na-wymiar-952m-flex2\"\n\t\t\t\t\tclass=\"sowb-button ow-icon-placement-left\" \t>\n\t\t<span>\n\t\t\t\n\t\t\tSprawd\u017a ofert\u0119\t\t<\/span>\n\t\t\t<\/a>\n\t<\/div>\n<\/div><\/div><\/div><div id=\"pgc-9789-5-2\"  class=\"panel-grid-cell panel-grid-cell-empty\" ><\/div><\/div><\/div><div id=\"pg-9789-6\"  class=\"panel-grid panel-has-style\" ><div class=\"siteorigin-panels-stretch panel-row-style panel-row-style-for-9789-6\" data-stretch-type=\"full-stretched\" ><div id=\"pgc-9789-6-0\"  class=\"panel-grid-cell\" ><div id=\"panel-9789-6-0-0\" class=\"so-panel widget widget_sow-social-media-buttons panel-first-child panel-last-child\" data-index=\"16\" ><div\n\t\t\t\n\t\t\tclass=\"so-widget-sow-social-media-buttons so-widget-sow-social-media-buttons-flat-6abe2713244c-9789\"\n\t\t\t\n\t\t>\n\n<div class=\"social-media-button-container\">\n\t\n\t\t<a \n\t\tclass=\"ow-button-hover sow-social-media-button-facebook-0 sow-social-media-button\" title=\"E-blog by Eurofirany on Facebook\" aria-label=\"E-blog by Eurofirany on Facebook\" target=\"_blank\" rel=\"noopener noreferrer\" href=\"https:\/\/www.facebook.com\/marka.eurofirany\" \t\t>\n\t\t\t<span>\n\t\t\t\t\t\t\t\t<span class=\"sow-icon-fontawesome sow-fab\" data-sow-icon=\"&#xf39e;\"\n\t\t \n\t\taria-hidden=\"true\"><\/span>\t\t\t\t\t\t\t<\/span>\n\t\t<\/a>\n\t\n\t\t<a \n\t\tclass=\"ow-button-hover sow-social-media-button-pinterest-0 sow-social-media-button\" title=\"E-blog by Eurofirany on Pinterest\" aria-label=\"E-blog by Eurofirany on Pinterest\" target=\"_blank\" rel=\"noopener noreferrer\" href=\"https:\/\/pl.pinterest.com\/eurofirany0\/\" \t\t>\n\t\t\t<span>\n\t\t\t\t\t\t\t\t<span class=\"sow-icon-fontawesome sow-fab\" data-sow-icon=\"&#xf0d2;\"\n\t\t \n\t\taria-hidden=\"true\"><\/span>\t\t\t\t\t\t\t<\/span>\n\t\t<\/a>\n\t\n\t\t<a \n\t\tclass=\"ow-button-hover sow-social-media-button-youtube-0 sow-social-media-button\" title=\"E-blog by Eurofirany on Youtube\" aria-label=\"E-blog by Eurofirany on Youtube\" target=\"_blank\" rel=\"noopener noreferrer\" href=\"https:\/\/www.youtube.com\/channel\/UCiFUlVQiOXERMEnxutaULAw\" \t\t>\n\t\t\t<span>\n\t\t\t\t\t\t\t\t<span class=\"sow-icon-fontawesome sow-fab\" data-sow-icon=\"&#xf167;\"\n\t\t \n\t\taria-hidden=\"true\"><\/span>\t\t\t\t\t\t\t<\/span>\n\t\t<\/a>\n\t\n\t\t<a \n\t\tclass=\"ow-button-hover sow-social-media-button-instagram-0 sow-social-media-button\" title=\"E-blog by Eurofirany on Instagram\" aria-label=\"E-blog by Eurofirany on Instagram\" target=\"_blank\" rel=\"noopener noreferrer\" href=\"https:\/\/www.instagram.com\/eurofirany\/\" \t\t>\n\t\t\t<span>\n\t\t\t\t\t\t\t\t<span class=\"sow-icon-fontawesome sow-fab\" data-sow-icon=\"&#xf16d;\"\n\t\t \n\t\taria-hidden=\"true\"><\/span>\t\t\t\t\t\t\t<\/span>\n\t\t<\/a>\n\t<\/div>\n<\/div><\/div><\/div><\/div><\/div><\/div>","protected":false},"excerpt":{"rendered":"<p>&nbsp; ZAS\u0141ONY NA FLEXACH Komfort i ponadczasowo\u015b\u0107 &nbsp; Decyduj\u0105c si\u0119 na szycie zas\u0142on lub firan na flexach otrzymujemy funkcjonalny i estetyczny efekt aran\u017cacji okna. Zalety tkanin na flexach: Dzi\u0119ki wszytym na stale haczykom mo\u017cemy swobodnie i szybko zdj\u0105\u0107 oraz ponownie [&hellip;]<\/p>\n","protected":false},"author":2,"featured_media":0,"parent":0,"menu_order":0,"comment_status":"closed","ping_status":"closed","template":"page_landingpage.php","meta":{"footnotes":""},"class_list":["post-9789","page","type-page","status-publish","hentry"],"yoast_head":"<!-- This site is optimized with the Yoast SEO plugin v27.5 - https:\/\/yoast.com\/product\/yoast-seo-wordpress\/ -->\n<title>Zas\u0142ony na flexach - poradnik - E-blog by Eurofirany<\/title>\n<meta name=\"robots\" content=\"index, follow, max-snippet:-1, max-image-preview:large, max-video-preview:-1\" \/>\n<link rel=\"canonical\" href=\"https:\/\/www.eurofirany.com.pl\/blog\/zaslony-na-flexach-poradnik\" \/>\n<meta property=\"og:locale\" content=\"pl_PL\" \/>\n<meta property=\"og:type\" content=\"article\" \/>\n<meta property=\"og:title\" content=\"Zas\u0142ony na flexach - poradnik - E-blog by Eurofirany\" \/>\n<meta property=\"og:description\" content=\"&nbsp; ZAS\u0141ONY NA FLEXACH Komfort i ponadczasowo\u015b\u0107 &nbsp; Decyduj\u0105c si\u0119 na szycie zas\u0142on lub firan na flexach otrzymujemy funkcjonalny i estetyczny efekt aran\u017cacji okna. Zalety tkanin na flexach: Dzi\u0119ki wszytym na stale haczykom mo\u017cemy swobodnie i szybko zdj\u0105\u0107 oraz ponownie [&hellip;]\" \/>\n<meta property=\"og:url\" content=\"https:\/\/www.eurofirany.com.pl\/blog\/zaslony-na-flexach-poradnik\" \/>\n<meta property=\"og:site_name\" content=\"E-blog by Eurofirany\" \/>\n<meta property=\"article:modified_time\" content=\"2020-10-30T14:03:22+00:00\" \/>\n<meta name=\"twitter:card\" content=\"summary_large_image\" \/>\n<meta name=\"twitter:label1\" content=\"Szacowany czas czytania\" \/>\n\t<meta name=\"twitter:data1\" content=\"1 minuta\" \/>\n<script type=\"application\/ld+json\" class=\"yoast-schema-graph\">{\"@context\":\"https:\\\/\\\/schema.org\",\"@graph\":[{\"@type\":\"WebPage\",\"@id\":\"https:\\\/\\\/www.eurofirany.com.pl\\\/blog\\\/zaslony-na-flexach-poradnik\",\"url\":\"https:\\\/\\\/www.eurofirany.com.pl\\\/blog\\\/zaslony-na-flexach-poradnik\",\"name\":\"Zas\u0142ony na flexach - poradnik - E-blog by Eurofirany\",\"isPartOf\":{\"@id\":\"https:\\\/\\\/www.eurofirany.com.pl\\\/blog\\\/#website\"},\"datePublished\":\"2020-10-29T14:48:09+00:00\",\"dateModified\":\"2020-10-30T14:03:22+00:00\",\"breadcrumb\":{\"@id\":\"https:\\\/\\\/www.eurofirany.com.pl\\\/blog\\\/zaslony-na-flexach-poradnik#breadcrumb\"},\"inLanguage\":\"pl-PL\",\"potentialAction\":[{\"@type\":\"ReadAction\",\"target\":[\"https:\\\/\\\/www.eurofirany.com.pl\\\/blog\\\/zaslony-na-flexach-poradnik\"]}]},{\"@type\":\"BreadcrumbList\",\"@id\":\"https:\\\/\\\/www.eurofirany.com.pl\\\/blog\\\/zaslony-na-flexach-poradnik#breadcrumb\",\"itemListElement\":[{\"@type\":\"ListItem\",\"position\":1,\"name\":\"Strona g\u0142\u00f3wna\",\"item\":\"https:\\\/\\\/www.eurofirany.com.pl\\\/blog\"},{\"@type\":\"ListItem\",\"position\":2,\"name\":\"Zas\u0142ony na flexach &#8211; poradnik\"}]},{\"@type\":\"WebSite\",\"@id\":\"https:\\\/\\\/www.eurofirany.com.pl\\\/blog\\\/#website\",\"url\":\"https:\\\/\\\/www.eurofirany.com.pl\\\/blog\\\/\",\"name\":\"E-blog by Eurofirany\",\"description\":\"\",\"publisher\":{\"@id\":\"https:\\\/\\\/www.eurofirany.com.pl\\\/blog\\\/#organization\"},\"potentialAction\":[{\"@type\":\"SearchAction\",\"target\":{\"@type\":\"EntryPoint\",\"urlTemplate\":\"https:\\\/\\\/www.eurofirany.com.pl\\\/blog\\\/?s={search_term_string}\"},\"query-input\":{\"@type\":\"PropertyValueSpecification\",\"valueRequired\":true,\"valueName\":\"search_term_string\"}}],\"inLanguage\":\"pl-PL\"},{\"@type\":\"Organization\",\"@id\":\"https:\\\/\\\/www.eurofirany.com.pl\\\/blog\\\/#organization\",\"name\":\"Eurofirany\",\"url\":\"https:\\\/\\\/www.eurofirany.com.pl\\\/blog\\\/\",\"logo\":{\"@type\":\"ImageObject\",\"inLanguage\":\"pl-PL\",\"@id\":\"https:\\\/\\\/www.eurofirany.com.pl\\\/blog\\\/#\\\/schema\\\/logo\\\/image\\\/\",\"url\":\"https:\\\/\\\/www.eurofirany.com.pl\\\/blog\\\/wp-content\\\/uploads\\\/2017\\\/07\\\/logo.png\",\"contentUrl\":\"https:\\\/\\\/www.eurofirany.com.pl\\\/blog\\\/wp-content\\\/uploads\\\/2017\\\/07\\\/logo.png\",\"width\":428,\"height\":201,\"caption\":\"Eurofirany\"},\"image\":{\"@id\":\"https:\\\/\\\/www.eurofirany.com.pl\\\/blog\\\/#\\\/schema\\\/logo\\\/image\\\/\"}}]}<\/script>\n<!-- \/ Yoast SEO plugin. -->","yoast_head_json":{"title":"Zas\u0142ony na flexach - poradnik - E-blog by Eurofirany","robots":{"index":"index","follow":"follow","max-snippet":"max-snippet:-1","max-image-preview":"max-image-preview:large","max-video-preview":"max-video-preview:-1"},"canonical":"https:\/\/www.eurofirany.com.pl\/blog\/zaslony-na-flexach-poradnik","og_locale":"pl_PL","og_type":"article","og_title":"Zas\u0142ony na flexach - poradnik - E-blog by Eurofirany","og_description":"&nbsp; ZAS\u0141ONY NA FLEXACH Komfort i ponadczasowo\u015b\u0107 &nbsp; Decyduj\u0105c si\u0119 na szycie zas\u0142on lub firan na flexach otrzymujemy funkcjonalny i estetyczny efekt aran\u017cacji okna. Zalety tkanin na flexach: Dzi\u0119ki wszytym na stale haczykom mo\u017cemy swobodnie i szybko zdj\u0105\u0107 oraz ponownie [&hellip;]","og_url":"https:\/\/www.eurofirany.com.pl\/blog\/zaslony-na-flexach-poradnik","og_site_name":"E-blog by Eurofirany","article_modified_time":"2020-10-30T14:03:22+00:00","twitter_card":"summary_large_image","twitter_misc":{"Szacowany czas czytania":"1 minuta"},"schema":{"@context":"https:\/\/schema.org","@graph":[{"@type":"WebPage","@id":"https:\/\/www.eurofirany.com.pl\/blog\/zaslony-na-flexach-poradnik","url":"https:\/\/www.eurofirany.com.pl\/blog\/zaslony-na-flexach-poradnik","name":"Zas\u0142ony na flexach - poradnik - E-blog by Eurofirany","isPartOf":{"@id":"https:\/\/www.eurofirany.com.pl\/blog\/#website"},"datePublished":"2020-10-29T14:48:09+00:00","dateModified":"2020-10-30T14:03:22+00:00","breadcrumb":{"@id":"https:\/\/www.eurofirany.com.pl\/blog\/zaslony-na-flexach-poradnik#breadcrumb"},"inLanguage":"pl-PL","potentialAction":[{"@type":"ReadAction","target":["https:\/\/www.eurofirany.com.pl\/blog\/zaslony-na-flexach-poradnik"]}]},{"@type":"BreadcrumbList","@id":"https:\/\/www.eurofirany.com.pl\/blog\/zaslony-na-flexach-poradnik#breadcrumb","itemListElement":[{"@type":"ListItem","position":1,"name":"Strona g\u0142\u00f3wna","item":"https:\/\/www.eurofirany.com.pl\/blog"},{"@type":"ListItem","position":2,"name":"Zas\u0142ony na flexach &#8211; poradnik"}]},{"@type":"WebSite","@id":"https:\/\/www.eurofirany.com.pl\/blog\/#website","url":"https:\/\/www.eurofirany.com.pl\/blog\/","name":"E-blog by Eurofirany","description":"","publisher":{"@id":"https:\/\/www.eurofirany.com.pl\/blog\/#organization"},"potentialAction":[{"@type":"SearchAction","target":{"@type":"EntryPoint","urlTemplate":"https:\/\/www.eurofirany.com.pl\/blog\/?s={search_term_string}"},"query-input":{"@type":"PropertyValueSpecification","valueRequired":true,"valueName":"search_term_string"}}],"inLanguage":"pl-PL"},{"@type":"Organization","@id":"https:\/\/www.eurofirany.com.pl\/blog\/#organization","name":"Eurofirany","url":"https:\/\/www.eurofirany.com.pl\/blog\/","logo":{"@type":"ImageObject","inLanguage":"pl-PL","@id":"https:\/\/www.eurofirany.com.pl\/blog\/#\/schema\/logo\/image\/","url":"https:\/\/www.eurofirany.com.pl\/blog\/wp-content\/uploads\/2017\/07\/logo.png","contentUrl":"https:\/\/www.eurofirany.com.pl\/blog\/wp-content\/uploads\/2017\/07\/logo.png","width":428,"height":201,"caption":"Eurofirany"},"image":{"@id":"https:\/\/www.eurofirany.com.pl\/blog\/#\/schema\/logo\/image\/"}}]}},"_links":{"self":[{"href":"https:\/\/www.eurofirany.com.pl\/blog\/wp-json\/wp\/v2\/pages\/9789","targetHints":{"allow":["GET"]}}],"collection":[{"href":"https:\/\/www.eurofirany.com.pl\/blog\/wp-json\/wp\/v2\/pages"}],"about":[{"href":"https:\/\/www.eurofirany.com.pl\/blog\/wp-json\/wp\/v2\/types\/page"}],"author":[{"embeddable":true,"href":"https:\/\/www.eurofirany.com.pl\/blog\/wp-json\/wp\/v2\/users\/2"}],"replies":[{"embeddable":true,"href":"https:\/\/www.eurofirany.com.pl\/blog\/wp-json\/wp\/v2\/comments?post=9789"}],"version-history":[{"count":81,"href":"https:\/\/www.eurofirany.com.pl\/blog\/wp-json\/wp\/v2\/pages\/9789\/revisions"}],"predecessor-version":[{"id":9894,"href":"https:\/\/www.eurofirany.com.pl\/blog\/wp-json\/wp\/v2\/pages\/9789\/revisions\/9894"}],"wp:attachment":[{"href":"https:\/\/www.eurofirany.com.pl\/blog\/wp-json\/wp\/v2\/media?parent=9789"}],"curies":[{"name":"wp","href":"https:\/\/api.w.org\/{rel}","templated":true}]}}